{"id":335,"date":"2018-01-22T15:09:43","date_gmt":"2018-01-22T19:09:43","guid":{"rendered":"http:\/\/ayuntamientosabanayegua.gob.do\/transparencia\/?page_id=335"},"modified":"2021-09-09T18:31:08","modified_gmt":"2021-09-09T22:31:08","slug":"lista-de-proveedores","status":"publish","type":"page","link":"https:\/\/ayuntamientosabanayegua.gob.do\/transparencia\/lista-de-proveedores\/","title":{"rendered":"Lista de proveedores"},"content":{"rendered":"<table width=\"0\">\n<tbody>\n<tr>\n<td width=\"208\"><strong>Nombre y Apellido<\/strong><\/td>\n<td width=\"208\"><strong>RNC\/Cedula<\/strong><\/td>\n<td width=\"218\"><strong>Proveedor<\/strong><\/td>\n<\/tr>\n<tr>\n<td width=\"208\">\u00c1ngeles Fco. Soriano<\/td>\n<td width=\"208\"><strong>01000147544<\/strong><\/td>\n<td width=\"218\">Ferreter\u00eda\u00a0 A Y D<\/td>\n<\/tr>\n<tr>\n<td width=\"208\">Rob\u00edn Lapaix<\/td>\n<td width=\"208\"><strong>01000643690<\/strong><\/td>\n<td width=\"218\">Repuestos Rob\u00edn<\/td>\n<\/tr>\n<tr>\n<td width=\"208\">Yoel Fernando Naut<\/td>\n<td width=\"208\"><strong>01000871754<\/strong><\/td>\n<td width=\"218\">Taller y Repuestos Pe\u00f1a<\/td>\n<\/tr>\n<tr>\n<td width=\"208\">Dany M. Ram\u00edrez<\/td>\n<td width=\"208\"><strong>01000833465<\/strong><\/td>\n<td width=\"218\">Repuestos CALLON<\/td>\n<\/tr>\n<tr>\n<td width=\"208\">Hilario Canario<\/td>\n<td width=\"208\"><strong>01000519510<\/strong><\/td>\n<td width=\"218\">Comercial Canario<\/td>\n<\/tr>\n<tr>\n<td width=\"208\">Reina Margarita<\/td>\n<td width=\"208\"><strong>130307466<\/strong><\/td>\n<td width=\"218\">Motor Marca SRL<\/td>\n<\/tr>\n<tr>\n<td width=\"208\">Alberto Batista<\/td>\n<td width=\"208\"><strong>130551936<\/strong><\/td>\n<td width=\"218\">Farmacia Evelin Abreu SRL<\/td>\n<\/tr>\n<tr>\n<td width=\"208\">Lisandro Agramante<\/td>\n<td width=\"208\"><strong>10700001133<\/strong><\/td>\n<td width=\"218\">Farmacia Miranda<\/td>\n<\/tr>\n<tr>\n<td width=\"208\">Carmen Acero V.<\/td>\n<td width=\"208\"><strong>01000447332<\/strong><\/td>\n<td width=\"218\">Comedor Cuca<\/td>\n<\/tr>\n<tr>\n<td width=\"208\">Zusan<\/td>\n<td width=\"208\"><strong>\u00a0<\/strong><\/td>\n<td width=\"218\">Comedor Nathaly<\/td>\n<\/tr>\n<tr>\n<td width=\"208\">AGROCONUCO, S.R.L<\/td>\n<td width=\"208\"><strong>116010873<\/strong><\/td>\n<td width=\"218\">AGROCONUCO, S.R.L<\/td>\n<\/tr>\n<tr>\n<td width=\"208\">Winder mesa<\/td>\n<td width=\"208\"><strong>131077341<\/strong><\/td>\n<td width=\"218\">Wimeza Electronics SRL<\/td>\n<\/tr>\n<tr>\n<td width=\"208\">Javier Sencion R.<\/td>\n<td width=\"208\"><strong>01000763670<\/strong><\/td>\n<td width=\"218\">Colmado Jehov\u00e1 Nissi<\/td>\n<\/tr>\n<tr>\n<td width=\"208\">Fidel B. Ger\u00f3nimo<\/td>\n<td width=\"208\"><strong>\u00a0<\/strong><\/td>\n<td width=\"218\">Bomba Texaco, B.<\/td>\n<\/tr>\n<tr>\n<td width=\"208\">Leandro<\/td>\n<td width=\"208\"><strong>\u00a0<\/strong><\/td>\n<td width=\"218\">Colmado Lizardo<\/td>\n<\/tr>\n<tr>\n<td width=\"208\">\u00c1ngel G. Agramonte<\/td>\n<td width=\"208\"><strong>01000179091<\/strong><\/td>\n<td width=\"218\">Colmado Milva<\/td>\n<\/tr>\n<tr>\n<td width=\"208\">\u00c1ngel G. Agramonte<\/td>\n<td width=\"208\"><strong>\u00a0<\/strong><\/td>\n<td width=\"218\">Repuesto Milva<\/td>\n<\/tr>\n<tr>\n<td width=\"208\">Rafael Ant. Brioso<\/td>\n<td width=\"208\"><strong>130649634<\/strong><\/td>\n<td width=\"218\">Centro de Gomas y M\u00e1s San El\u00edas EIRL<\/td>\n<\/tr>\n<\/tbody>\n<\/table>\n","protected":false},"excerpt":{"rendered":"Nombre y Apellido RNC\/Cedula Proveedor \u00c1ngeles Fco. Soriano 01000147544 Ferreter\u00eda\u00a0 A Y D Rob\u00edn Lapaix 01000643690 Repuestos Rob\u00edn Yoel Fernando Naut 01000871754 Taller y Repuestos Pe\u00f1a Dany M. Ram\u00edrez 01000833465 Repuestos CALLON Hilario Canario 01000519510 Comercial Canario Reina Margarita 130307466 Motor Marca SRL Alberto Batista 130551936 Farmacia Evelin Abreu SRL Lisandro Agramante 10700001133 Farmacia Miranda&#8230;","protected":false},"author":3,"featured_media":0,"parent":0,"menu_order":0,"comment_status":"closed","ping_status":"closed","template":"","meta":[],"_links":{"self":[{"href":"https:\/\/ayuntamientosabanayegua.gob.do\/transparencia\/wp-json\/wp\/v2\/pages\/335"}],"collection":[{"href":"https:\/\/ayuntamientosabanayegua.gob.do\/transparencia\/wp-json\/wp\/v2\/pages"}],"about":[{"href":"https:\/\/ayuntamientosabanayegua.gob.do\/transparencia\/wp-json\/wp\/v2\/types\/page"}],"author":[{"embeddable":true,"href":"https:\/\/ayuntamientosabanayegua.gob.do\/transparencia\/wp-json\/wp\/v2\/users\/3"}],"replies":[{"embeddable":true,"href":"https:\/\/ayuntamientosabanayegua.gob.do\/transparencia\/wp-json\/wp\/v2\/comments?post=335"}],"version-history":[{"count":3,"href":"https:\/\/ayuntamientosabanayegua.gob.do\/transparencia\/wp-json\/wp\/v2\/pages\/335\/revisions"}],"predecessor-version":[{"id":438,"href":"https:\/\/ayuntamientosabanayegua.gob.do\/transparencia\/wp-json\/wp\/v2\/pages\/335\/revisions\/438"}],"wp:attachment":[{"href":"https:\/\/ayuntamientosabanayegua.gob.do\/transparencia\/wp-json\/wp\/v2\/media?parent=335"}],"curies":[{"name":"wp","href":"https:\/\/api.w.org\/{rel}","templated":true}]}}