{"id":262,"date":"2018-01-22T10:20:41","date_gmt":"2018-01-22T14:20:41","guid":{"rendered":"http:\/\/ayuntamientosabanayegua.gob.do\/transparencia\/?page_id=262"},"modified":"2025-09-02T08:33:35","modified_gmt":"2025-09-02T12:33:35","slug":"formulario-de-solicitud-de-informacion","status":"publish","type":"page","link":"https:\/\/ayuntamientosabanayegua.gob.do\/transparencia\/formulario-de-solicitud-de-informacion\/","title":{"rendered":"Formulario de solicitud de Informaci\u00f3n"},"content":{"rendered":"<div class=\"iframe-saip\">&nbsp;<\/div>\n\n\n<figure class=\"wp-block-gallery has-nested-images columns-default is-cropped\">\n<figure class=\"wp-block-image\"><img loading=\"lazy\" width=\"599\" height=\"327\" data-id=\"2075\"  src=\"http:\/\/ayuntamientosabanayegua.gob.do\/transparencia\/wp-content\/uploads\/2025\/09\/imagen-formulario-recortada-.png\" alt=\"\" class=\"wp-image-2075\" srcset=\"https:\/\/ayuntamientosabanayegua.gob.do\/transparencia\/wp-content\/uploads\/2025\/09\/imagen-formulario-recortada-.png 599w, https:\/\/ayuntamientosabanayegua.gob.do\/transparencia\/wp-content\/uploads\/2025\/09\/imagen-formulario-recortada--250x136.png 250w, https:\/\/ayuntamientosabanayegua.gob.do\/transparencia\/wp-content\/uploads\/2025\/09\/imagen-formulario-recortada--120x66.png 120w\" sizes=\"(max-width: 599px) 100vw, 599px\" \/><\/figure>\n<\/figure>\n\n\n\n<p><strong>Formulario de Solicitud de informaci\u00f3n<\/strong><\/p>\n<p><a href=\"https:\/\/saip.gob.do\/\">Portal \u00danico de Solicitud de Acceso a la Informaci\u00f3n P\u00fablica (SAIP)<\/a><\/p>\n","protected":false},"excerpt":{"rendered":"&nbsp; Formulario de Solicitud de informaci\u00f3n Portal \u00danico de Solicitud de Acceso a la Informaci\u00f3n P\u00fablica (SAIP)","protected":false},"author":3,"featured_media":0,"parent":0,"menu_order":0,"comment_status":"closed","ping_status":"closed","template":"","meta":[],"_links":{"self":[{"href":"https:\/\/ayuntamientosabanayegua.gob.do\/transparencia\/wp-json\/wp\/v2\/pages\/262"}],"collection":[{"href":"https:\/\/ayuntamientosabanayegua.gob.do\/transparencia\/wp-json\/wp\/v2\/pages"}],"about":[{"href":"https:\/\/ayuntamientosabanayegua.gob.do\/transparencia\/wp-json\/wp\/v2\/types\/page"}],"author":[{"embeddable":true,"href":"https:\/\/ayuntamientosabanayegua.gob.do\/transparencia\/wp-json\/wp\/v2\/users\/3"}],"replies":[{"embeddable":true,"href":"https:\/\/ayuntamientosabanayegua.gob.do\/transparencia\/wp-json\/wp\/v2\/comments?post=262"}],"version-history":[{"count":9,"href":"https:\/\/ayuntamientosabanayegua.gob.do\/transparencia\/wp-json\/wp\/v2\/pages\/262\/revisions"}],"predecessor-version":[{"id":2076,"href":"https:\/\/ayuntamientosabanayegua.gob.do\/transparencia\/wp-json\/wp\/v2\/pages\/262\/revisions\/2076"}],"wp:attachment":[{"href":"https:\/\/ayuntamientosabanayegua.gob.do\/transparencia\/wp-json\/wp\/v2\/media?parent=262"}],"curies":[{"name":"wp","href":"https:\/\/api.w.org\/{rel}","templated":true}]}}