{"id":258,"date":"2024-09-07T10:17:40","date_gmt":"2024-09-07T14:17:40","guid":{"rendered":"http:\/\/ayuntamientosabanayegua.gob.do\/transparencia\/?page_id=258"},"modified":"2025-08-28T09:24:22","modified_gmt":"2025-08-28T13:24:22","slug":"responsable-de-acceso-a-la-informacion","status":"publish","type":"page","link":"https:\/\/ayuntamientosabanayegua.gob.do\/transparencia\/responsable-de-acceso-a-la-informacion\/","title":{"rendered":"Responsable de Acceso a la Informaci\u00f3n"},"content":{"rendered":"<p><b>Yohana Montero S\u00e1nchez<\/b><\/p>\n<p><strong>&nbsp;<\/strong><b>Responsable de&nbsp; Libre Acceso a la Informaci\u00f3n p\u00fablica&nbsp;(RAI)<\/b><\/p>\n<p><strong>Tel. 829-932-1194<\/strong><\/p>\n<p>https:\/\/ayuntamientosabanayegua.gob.do\/transparencia\/wp-admin\/post.php?action=edit&#038;post=262<\/p>\n<p><strong>&nbsp;ayunt.7112@hotmail.com<\/strong><\/p>\n\n\n<figure class=\"wp-block-image size-large\"><img loading=\"lazy\" width=\"700\" height=\"933\" src=\"https:\/\/ayuntamientosabanayegua.gob.do\/transparencia\/wp-content\/uploads\/2024\/11\/Foto-oficina-24-700x933.jpg\" alt=\"\" class=\"wp-image-1607\" srcset=\"https:\/\/ayuntamientosabanayegua.gob.do\/transparencia\/wp-content\/uploads\/2024\/11\/Foto-oficina-24-700x933.jpg 700w, https:\/\/ayuntamientosabanayegua.gob.do\/transparencia\/wp-content\/uploads\/2024\/11\/Foto-oficina-24-250x333.jpg 250w, https:\/\/ayuntamientosabanayegua.gob.do\/transparencia\/wp-content\/uploads\/2024\/11\/Foto-oficina-24-768x1024.jpg 768w, https:\/\/ayuntamientosabanayegua.gob.do\/transparencia\/wp-content\/uploads\/2024\/11\/Foto-oficina-24-120x160.jpg 120w, https:\/\/ayuntamientosabanayegua.gob.do\/transparencia\/wp-content\/uploads\/2024\/11\/Foto-oficina-24.jpg 960w\" sizes=\"(max-width: 700px) 100vw, 700px\" \/><\/figure>\n\n\n\n<figure class=\"wp-block-image size-large\"><img loading=\"lazy\" width=\"700\" height=\"933\" src=\"https:\/\/ayuntamientosabanayegua.gob.do\/transparencia\/wp-content\/uploads\/2024\/11\/Foto-oficina-24-1-700x933.jpg\" alt=\"\" class=\"wp-image-1608\" srcset=\"https:\/\/ayuntamientosabanayegua.gob.do\/transparencia\/wp-content\/uploads\/2024\/11\/Foto-oficina-24-1-700x933.jpg 700w, https:\/\/ayuntamientosabanayegua.gob.do\/transparencia\/wp-content\/uploads\/2024\/11\/Foto-oficina-24-1-250x333.jpg 250w, https:\/\/ayuntamientosabanayegua.gob.do\/transparencia\/wp-content\/uploads\/2024\/11\/Foto-oficina-24-1-768x1024.jpg 768w, https:\/\/ayuntamientosabanayegua.gob.do\/transparencia\/wp-content\/uploads\/2024\/11\/Foto-oficina-24-1-120x160.jpg 120w, https:\/\/ayuntamientosabanayegua.gob.do\/transparencia\/wp-content\/uploads\/2024\/11\/Foto-oficina-24-1.jpg 960w\" sizes=\"(max-width: 700px) 100vw, 700px\" \/><\/figure>\n\n\n","protected":false},"excerpt":{"rendered":"Yohana Montero S\u00e1nchez &nbsp;Responsable de&nbsp; Libre Acceso a la Informaci\u00f3n p\u00fablica&nbsp;(RAI) Tel. 829-932-1194 https:\/\/ayuntamientosabanayegua.gob.do\/transparencia\/wp-admin\/post.php?action=edit&#038;post=262 &nbsp;ayunt.7112@hotmail.com","protected":false},"author":3,"featured_media":0,"parent":0,"menu_order":0,"comment_status":"closed","ping_status":"closed","template":"","meta":[],"_links":{"self":[{"href":"https:\/\/ayuntamientosabanayegua.gob.do\/transparencia\/wp-json\/wp\/v2\/pages\/258"}],"collection":[{"href":"https:\/\/ayuntamientosabanayegua.gob.do\/transparencia\/wp-json\/wp\/v2\/pages"}],"about":[{"href":"https:\/\/ayuntamientosabanayegua.gob.do\/transparencia\/wp-json\/wp\/v2\/types\/page"}],"author":[{"embeddable":true,"href":"https:\/\/ayuntamientosabanayegua.gob.do\/transparencia\/wp-json\/wp\/v2\/users\/3"}],"replies":[{"embeddable":true,"href":"https:\/\/ayuntamientosabanayegua.gob.do\/transparencia\/wp-json\/wp\/v2\/comments?post=258"}],"version-history":[{"count":8,"href":"https:\/\/ayuntamientosabanayegua.gob.do\/transparencia\/wp-json\/wp\/v2\/pages\/258\/revisions"}],"predecessor-version":[{"id":2042,"href":"https:\/\/ayuntamientosabanayegua.gob.do\/transparencia\/wp-json\/wp\/v2\/pages\/258\/revisions\/2042"}],"wp:attachment":[{"href":"https:\/\/ayuntamientosabanayegua.gob.do\/transparencia\/wp-json\/wp\/v2\/media?parent=258"}],"curies":[{"name":"wp","href":"https:\/\/api.w.org\/{rel}","templated":true}]}}